{"id":340,"date":"2021-09-07T10:50:28","date_gmt":"2021-09-07T10:50:28","guid":{"rendered":"https:\/\/kits.themecy.com\/memberships-3\/?page_id=5"},"modified":"2025-05-12T18:38:10","modified_gmt":"2025-05-12T16:38:10","slug":"home","status":"publish","type":"page","link":"https:\/\/maison-gourdonne.com\/","title":{"rendered":"Home"},"content":{"rendered":"<style>.kb-row-layout-id340_d3cf76-c7 > .kt-row-column-wrap{align-content:start;}:where(.kb-row-layout-id340_d3cf76-c7 > .kt-row-column-wrap) > .wp-block-kadence-column{justify-content:start;}.kb-row-layout-id340_d3cf76-c7 > .kt-row-column-wrap{column-gap:var(--global-kb-gap-md, 2rem);row-gap:var(--global-kb-gap-md, 2rem);max-width:600px;margin-left:auto;margin-right:auto;padding-top:200px;padding-right:0px;padding-bottom:140px;padding-left:0px;grid-template-columns:minmax(0, 1fr);}.kb-row-layout-id340_d3cf76-c7{background-image:url('http:\/\/maison-gourdonne.com\/wp-content\/uploads\/2025\/01\/Gite-Moustiers-sainte-marie-panorama.jpg');background-size:cover;background-position:49% 44%;background-attachment:fixed;background-repeat:no-repeat;}.kb-row-layout-id340_d3cf76-c7 > .kt-row-layout-overlay{opacity:0.00;background-color:var(--global-palette9, #ffffff);mix-blend-mode:normal;}@media all and (max-width: 1024px), only screen and (min-device-width: 1024px) and (max-device-width: 1366px) and (-webkit-min-device-pixel-ratio: 2) and (hover: none){.kb-row-layout-id340_d3cf76-c7{background-attachment:scroll;}}@media all and (max-width: 1024px){.kb-row-layout-id340_d3cf76-c7 > .kt-row-column-wrap{grid-template-columns:minmax(0, 1fr);}}@media all and (max-width: 767px){.kb-row-layout-id340_d3cf76-c7 > .kt-row-column-wrap{padding-top:120px;padding-right:15px;padding-bottom:60px;padding-left:15px;grid-template-columns:minmax(0, 1fr);}}<\/style><div class=\"kb-row-layout-wrap kb-row-layout-id340_d3cf76-c7 alignfull kt-row-has-bg wp-block-kadence-rowlayout\"><div class=\"kt-row-layout-overlay kt-row-overlay-normal\"><\/div><div class=\"kt-row-column-wrap kt-has-1-columns kt-row-layout-equal kt-tab-layout-inherit kt-mobile-layout-row kt-row-valign-top\">\n<style>.kadence-column340_d4c839-e2 > .kt-inside-inner-col{padding-top:10px;padding-right:10px;padding-bottom:25px;padding-left:10px;}.kadence-column340_d4c839-e2 > .kt-inside-inner-col,.kadence-column340_d4c839-e2 > .kt-inside-inner-col:before{border-top-left-radius:0px;border-top-right-radius:0px;border-bottom-right-radius:0px;border-bottom-left-radius:0px;}.kadence-column340_d4c839-e2 > .kt-inside-inner-col{column-gap:var(--global-kb-gap-sm, 1rem);}.kadence-column340_d4c839-e2 > .kt-inside-inner-col{flex-direction:column;}.kadence-column340_d4c839-e2 > .kt-inside-inner-col > .aligncenter{width:100%;}.kadence-column340_d4c839-e2 > .kt-inside-inner-col{background-color:rgba(255, 255, 255, 0.8);}.kadence-column340_d4c839-e2 > .kt-inside-inner-col:before{opacity:0.3;mix-blend-mode:normal;}.kadence-column340_d4c839-e2{position:relative;}@media all and (max-width: 1024px){.kadence-column340_d4c839-e2 > .kt-inside-inner-col{flex-direction:column;justify-content:center;}}@media all and (max-width: 767px){.kadence-column340_d4c839-e2 > .kt-inside-inner-col{flex-direction:column;justify-content:center;}}<\/style>\n<div class=\"wp-block-kadence-column kadence-column340_d4c839-e2 inner-column-1\"><div class=\"kt-inside-inner-col\"><style>.wp-block-kadence-advancedheading.kt-adv-heading340_ea72ae-ef, .wp-block-kadence-advancedheading.kt-adv-heading340_ea72ae-ef[data-kb-block=\"kb-adv-heading340_ea72ae-ef\"]{margin-bottom:26px;text-align:center;font-size:var(--global-kb-font-size-xl, 3rem);line-height:64px;font-style:normal;}.wp-block-kadence-advancedheading.kt-adv-heading340_ea72ae-ef mark.kt-highlight, .wp-block-kadence-advancedheading.kt-adv-heading340_ea72ae-ef[data-kb-block=\"kb-adv-heading340_ea72ae-ef\"] mark.kt-highlight{font-style:normal;color:#f76a0c;-webkit-box-decoration-break:clone;box-decoration-break:clone;padding-top:0px;padding-right:0px;padding-bottom:0px;padding-left:0px;}.wp-block-kadence-advancedheading.kt-adv-heading340_ea72ae-ef img.kb-inline-image, .wp-block-kadence-advancedheading.kt-adv-heading340_ea72ae-ef[data-kb-block=\"kb-adv-heading340_ea72ae-ef\"] img.kb-inline-image{width:150px;vertical-align:baseline;}@media all and (max-width: 767px){.wp-block-kadence-advancedheading.kt-adv-heading340_ea72ae-ef, .wp-block-kadence-advancedheading.kt-adv-heading340_ea72ae-ef[data-kb-block=\"kb-adv-heading340_ea72ae-ef\"]{font-size:32px;line-height:36px;}}<\/style>\n<h1 class=\"kt-adv-heading340_ea72ae-ef wp-block-kadence-advancedheading has-theme-palette-3-color has-text-color\" data-kb-block=\"kb-adv-heading340_ea72ae-ef\">Bienvenue \u00e0 Gourdonne, le cabanon proven\u00e7al.<\/h1>\n\n\n<style>.wp-block-kadence-advancedheading.kt-adv-heading340_63ee07-69, .wp-block-kadence-advancedheading.kt-adv-heading340_63ee07-69[data-kb-block=\"kb-adv-heading340_63ee07-69\"]{margin-bottom:40px;text-align:center;font-style:normal;}.wp-block-kadence-advancedheading.kt-adv-heading340_63ee07-69 mark.kt-highlight, .wp-block-kadence-advancedheading.kt-adv-heading340_63ee07-69[data-kb-block=\"kb-adv-heading340_63ee07-69\"] mark.kt-highlight{font-style:normal;color:#f76a0c;-webkit-box-decoration-break:clone;box-decoration-break:clone;padding-top:0px;padding-right:0px;padding-bottom:0px;padding-left:0px;}.wp-block-kadence-advancedheading.kt-adv-heading340_63ee07-69 img.kb-inline-image, .wp-block-kadence-advancedheading.kt-adv-heading340_63ee07-69[data-kb-block=\"kb-adv-heading340_63ee07-69\"] img.kb-inline-image{width:150px;vertical-align:baseline;}<\/style>\n<p class=\"kt-adv-heading340_63ee07-69 wp-block-kadence-advancedheading has-theme-palette-4-color has-text-color\" data-kb-block=\"kb-adv-heading340_63ee07-69\">Si vous cherchez \u00e0 vous ressourcer dans un endroit tr\u00e8s calme au milieu de la nature, vous \u00eates au bon endroit.<\/p>\n\n\n<style>.wp-block-kadence-advancedbtn.kt-btns340_424a3f-12, .site .entry-content .wp-block-kadence-advancedbtn.kt-btns340_424a3f-12, .wp-block-kadence-advancedbtn.kb-btns340_424a3f-12, .site .entry-content .wp-block-kadence-advancedbtn.kb-btns340_424a3f-12{margin-top:0px;margin-bottom:-5px;}.wp-block-kadence-advancedbtn.kb-btns340_424a3f-12{gap:var(--global-kb-gap-xs, 0.5rem );justify-content:center;align-items:center;}.kt-btns340_424a3f-12 .kt-button{font-weight:normal;font-style:normal;}<\/style>\n<div class=\"wp-block-kadence-advancedbtn kb-buttons-wrap kb-btns340_424a3f-12\"><style>ul.menu .wp-block-kadence-advancedbtn .kb-btn340_da9d9a-2f.kb-button{width:initial;}.wp-block-kadence-advancedbtn .kb-btn340_da9d9a-2f.kb-button{padding-top:16px;padding-bottom:16px;}<\/style><a class=\"kb-button kt-button button kb-btn340_da9d9a-2f kt-btn-size-standard kt-btn-width-type-auto kb-btn-global-inherit  kt-btn-has-text-true kt-btn-has-svg-false  wp-block-button__link wp-block-kadence-singlebtn\" href=\"https:\/\/maison-gourdonne.com\/index.php\/photos\/\"><span class=\"kt-btn-inner-text\">Voir les photos<\/span><\/a><\/div>\n<\/div><\/div>\n\n<\/div><\/div>\n\n<style>.kb-row-layout-id340_9cd43d-c4 > .kt-row-column-wrap{align-content:start;}:where(.kb-row-layout-id340_9cd43d-c4 > .kt-row-column-wrap) > .wp-block-kadence-column{justify-content:start;}.kb-row-layout-id340_9cd43d-c4 > .kt-row-column-wrap{column-gap:var(--global-kb-gap-md, 2rem);row-gap:var(--global-kb-gap-md, 2rem);padding-top:var(--global-kb-spacing-lg, 3rem);padding-bottom:var(--global-kb-spacing-3xl, 6.5rem);grid-template-columns:minmax(0, 1fr);}.kb-row-layout-id340_9cd43d-c4 > .kt-row-layout-overlay{opacity:0.30;}@media all and (max-width: 1024px){.kb-row-layout-id340_9cd43d-c4 > .kt-row-column-wrap{grid-template-columns:minmax(0, 1fr);}}@media all and (max-width: 767px){.kb-row-layout-id340_9cd43d-c4 > .kt-row-column-wrap{grid-template-columns:minmax(0, 1fr);}}<\/style><div class=\"kb-row-layout-wrap kb-row-layout-id340_9cd43d-c4 alignfull has-theme-palette8-background-color kt-row-has-bg wp-block-kadence-rowlayout\"><div class=\"kt-row-column-wrap kt-has-1-columns kt-row-layout-equal kt-tab-layout-inherit kt-mobile-layout-row kt-row-valign-top\">\n<style>.kadence-column340_236e7f-1a > .kt-inside-inner-col,.kadence-column340_236e7f-1a > .kt-inside-inner-col:before{border-top-left-radius:0px;border-top-right-radius:0px;border-bottom-right-radius:0px;border-bottom-left-radius:0px;}.kadence-column340_236e7f-1a > .kt-inside-inner-col{column-gap:var(--global-kb-gap-sm, 1rem);}.kadence-column340_236e7f-1a > .kt-inside-inner-col{flex-direction:column;}.kadence-column340_236e7f-1a > .kt-inside-inner-col > .aligncenter{width:100%;}.kadence-column340_236e7f-1a > .kt-inside-inner-col:before{opacity:0.3;}.kadence-column340_236e7f-1a{position:relative;}@media all and (max-width: 1024px){.kadence-column340_236e7f-1a > .kt-inside-inner-col{flex-direction:column;justify-content:center;}}@media all and (max-width: 767px){.kadence-column340_236e7f-1a > .kt-inside-inner-col{flex-direction:column;justify-content:center;}}<\/style>\n<div class=\"wp-block-kadence-column kadence-column340_236e7f-1a\"><div class=\"kt-inside-inner-col\"><style>.kb-row-layout-id340_512554-db > .kt-row-column-wrap{align-content:start;}:where(.kb-row-layout-id340_512554-db > .kt-row-column-wrap) > .wp-block-kadence-column{justify-content:start;}.kb-row-layout-id340_512554-db > .kt-row-column-wrap{column-gap:var(--global-kb-gap-lg, 4rem);row-gap:var(--global-kb-gap-lg, 4rem);max-width:var( --global-content-width, 1290px );padding-left:var(--global-content-edge-padding);padding-right:var(--global-content-edge-padding);padding-top:0px;padding-right:0px;padding-bottom:0px;padding-left:0px;grid-template-columns:repeat(2, minmax(0, 1fr));}.kb-row-layout-id340_512554-db > .kt-row-layout-overlay{opacity:0.30;}@media all and (max-width: 1024px){.kb-row-layout-id340_512554-db > .kt-row-column-wrap{padding-right:var(--global-kb-spacing-4xl, 8rem);padding-left:var(--global-kb-spacing-4xl, 8rem);grid-template-columns:minmax(0, 1fr);}}@media all and (max-width: 1024px){.kb-row-layout-id340_512554-db > .kt-row-column-wrap > .wp-block-kadence-column:nth-child(1 of *:not(style)){order:2;}}@media all and (max-width: 1024px){.kb-row-layout-id340_512554-db > .kt-row-column-wrap > .wp-block-kadence-column:nth-child(2 of *:not(style)){order:1;}}@media all and (max-width: 1024px){.kb-row-layout-id340_512554-db > .kt-row-column-wrap > .wp-block-kadence-column:nth-child(3 of *:not(style)){order:12;}}@media all and (max-width: 1024px){.kb-row-layout-id340_512554-db > .kt-row-column-wrap > .wp-block-kadence-column:nth-child(4 of *:not(style)){order:11;}}@media all and (max-width: 1024px){.kb-row-layout-id340_512554-db > .kt-row-column-wrap > .wp-block-kadence-column:nth-child(5 of *:not(style)){order:22;}}@media all and (max-width: 1024px){.kb-row-layout-id340_512554-db > .kt-row-column-wrap > .wp-block-kadence-column:nth-child(6 of *:not(style)){order:21;}}@media all and (max-width: 1024px){.kb-row-layout-id340_512554-db > .kt-row-column-wrap > .wp-block-kadence-column:nth-child(7 of *:not(style)){order:32;}}@media all and (max-width: 1024px){.kb-row-layout-id340_512554-db > .kt-row-column-wrap > .wp-block-kadence-column:nth-child(8 of *:not(style)){order:31;}}@media all and (max-width: 767px){.kb-row-layout-id340_512554-db > .kt-row-column-wrap{padding-right:0px;padding-left:0px;grid-template-columns:minmax(0, 1fr);}.kb-row-layout-id340_512554-db > .kt-row-column-wrap > .wp-block-kadence-column:nth-child(1 of *:not(style)){order:2;}.kb-row-layout-id340_512554-db > .kt-row-column-wrap > .wp-block-kadence-column:nth-child(2 of *:not(style)){order:1;}.kb-row-layout-id340_512554-db > .kt-row-column-wrap > .wp-block-kadence-column:nth-child(3 of *:not(style)){order:12;}.kb-row-layout-id340_512554-db > .kt-row-column-wrap > .wp-block-kadence-column:nth-child(4 of *:not(style)){order:11;}.kb-row-layout-id340_512554-db > .kt-row-column-wrap > .wp-block-kadence-column:nth-child(5 of *:not(style)){order:22;}.kb-row-layout-id340_512554-db > .kt-row-column-wrap > .wp-block-kadence-column:nth-child(6 of *:not(style)){order:21;}.kb-row-layout-id340_512554-db > .kt-row-column-wrap > .wp-block-kadence-column:nth-child(7 of *:not(style)){order:32;}.kb-row-layout-id340_512554-db > .kt-row-column-wrap > .wp-block-kadence-column:nth-child(8 of *:not(style)){order:31;}}<\/style><div class=\"kb-row-layout-wrap kb-row-layout-id340_512554-db alignnone wp-block-kadence-rowlayout\"><div class=\"kt-row-column-wrap kt-has-2-columns kt-row-layout-equal kt-tab-layout-row kt-mobile-layout-row kt-row-valign-top kb-theme-content-width\">\n<style>.kadence-column340_c20f76-62 > .kt-inside-inner-col,.kadence-column340_c20f76-62 > .kt-inside-inner-col:before{border-top-left-radius:0px;border-top-right-radius:0px;border-bottom-right-radius:0px;border-bottom-left-radius:0px;}.kadence-column340_c20f76-62 > .kt-inside-inner-col{column-gap:var(--global-kb-gap-sm, 1rem);}.kadence-column340_c20f76-62 > .kt-inside-inner-col{flex-direction:column;}.kadence-column340_c20f76-62 > .kt-inside-inner-col > .aligncenter{width:100%;}.kadence-column340_c20f76-62 > .kt-inside-inner-col:before{opacity:0.3;}.kadence-column340_c20f76-62{position:relative;}@media all and (max-width: 1024px){.kadence-column340_c20f76-62 > .kt-inside-inner-col{flex-direction:column;justify-content:center;}}@media all and (max-width: 767px){.kadence-column340_c20f76-62 > .kt-inside-inner-col{flex-direction:column;justify-content:center;}}<\/style>\n<div class=\"wp-block-kadence-column kadence-column340_c20f76-62\"><div class=\"kt-inside-inner-col\"><style>.kb-row-layout-wrap.wp-block-kadence-rowlayout.kb-row-layout-id340_b4677d-60{margin-top:0px;margin-bottom:0px;}.kb-row-layout-id340_b4677d-60 > .kt-row-column-wrap{align-content:start;}:where(.kb-row-layout-id340_b4677d-60 > .kt-row-column-wrap) > .wp-block-kadence-column{justify-content:start;}.kb-row-layout-id340_b4677d-60 > .kt-row-column-wrap{column-gap:var(--global-kb-gap-md, 2rem);row-gap:var(--global-kb-gap-md, 2rem);padding-top:0px;padding-right:0px;padding-bottom:0px;padding-left:0px;grid-template-columns:minmax(0, 1fr);}.kb-row-layout-id340_b4677d-60 > .kt-row-layout-overlay{opacity:0.30;}@media all and (max-width: 1024px){.kb-row-layout-id340_b4677d-60 > .kt-row-column-wrap{padding-top:0px;padding-right:0px;padding-bottom:0px;padding-left:0px;grid-template-columns:minmax(0, 1fr);}}@media all and (max-width: 767px){.kb-row-layout-id340_b4677d-60 > .kt-row-column-wrap{padding-right:0px;padding-left:0px;grid-template-columns:minmax(0, 1fr);}}<\/style><div class=\"kb-row-layout-wrap kb-row-layout-id340_b4677d-60 alignnone wp-block-kadence-rowlayout\"><div class=\"kt-row-column-wrap kt-has-1-columns kt-row-layout-equal kt-tab-layout-inherit kt-mobile-layout-row kt-row-valign-top\">\n<style>.kadence-column340_3f086f-dc > .kt-inside-inner-col{padding-top:var(--global-kb-spacing-lg, 3rem);}.kadence-column340_3f086f-dc > .kt-inside-inner-col,.kadence-column340_3f086f-dc > .kt-inside-inner-col:before{border-top-left-radius:0px;border-top-right-radius:0px;border-bottom-right-radius:0px;border-bottom-left-radius:0px;}.kadence-column340_3f086f-dc > .kt-inside-inner-col{column-gap:var(--global-kb-gap-sm, 1rem);}.kadence-column340_3f086f-dc > .kt-inside-inner-col{flex-direction:column;}.kadence-column340_3f086f-dc > .kt-inside-inner-col > .aligncenter{width:100%;}.kadence-column340_3f086f-dc > .kt-inside-inner-col:before{opacity:0.3;}.kadence-column340_3f086f-dc{position:relative;}@media all and (max-width: 1024px){.kadence-column340_3f086f-dc > .kt-inside-inner-col{padding-top:0px;flex-direction:column;justify-content:center;}}@media all and (max-width: 767px){.kadence-column340_3f086f-dc > .kt-inside-inner-col{flex-direction:column;justify-content:center;}}<\/style>\n<div class=\"wp-block-kadence-column kadence-column340_3f086f-dc\"><div class=\"kt-inside-inner-col\"><style>.wp-block-kadence-advancedheading.kt-adv-heading340_b3b6cb-81, .wp-block-kadence-advancedheading.kt-adv-heading340_b3b6cb-81[data-kb-block=\"kb-adv-heading340_b3b6cb-81\"]{line-height:1.2;font-style:normal;}.wp-block-kadence-advancedheading.kt-adv-heading340_b3b6cb-81 mark.kt-highlight, .wp-block-kadence-advancedheading.kt-adv-heading340_b3b6cb-81[data-kb-block=\"kb-adv-heading340_b3b6cb-81\"] mark.kt-highlight{font-style:normal;color:#f76a0c;-webkit-box-decoration-break:clone;box-decoration-break:clone;padding-top:0px;padding-right:0px;padding-bottom:0px;padding-left:0px;}.wp-block-kadence-advancedheading.kt-adv-heading340_b3b6cb-81 img.kb-inline-image, .wp-block-kadence-advancedheading.kt-adv-heading340_b3b6cb-81[data-kb-block=\"kb-adv-heading340_b3b6cb-81\"] img.kb-inline-image{width:150px;vertical-align:baseline;}<\/style>\n<h3 class=\"kt-adv-heading340_b3b6cb-81 wp-block-kadence-advancedheading has-theme-palette-3-color has-text-color\" data-kb-block=\"kb-adv-heading340_b3b6cb-81\">Hors du temps<\/h3>\n\n\n<style>.wp-block-kadence-advancedheading.kt-adv-heading340_a0822e-0b, .wp-block-kadence-advancedheading.kt-adv-heading340_a0822e-0b[data-kb-block=\"kb-adv-heading340_a0822e-0b\"]{font-style:normal;}.wp-block-kadence-advancedheading.kt-adv-heading340_a0822e-0b mark.kt-highlight, .wp-block-kadence-advancedheading.kt-adv-heading340_a0822e-0b[data-kb-block=\"kb-adv-heading340_a0822e-0b\"] mark.kt-highlight{font-style:normal;color:#f76a0c;-webkit-box-decoration-break:clone;box-decoration-break:clone;padding-top:0px;padding-right:0px;padding-bottom:0px;padding-left:0px;}.wp-block-kadence-advancedheading.kt-adv-heading340_a0822e-0b img.kb-inline-image, .wp-block-kadence-advancedheading.kt-adv-heading340_a0822e-0b[data-kb-block=\"kb-adv-heading340_a0822e-0b\"] img.kb-inline-image{width:150px;vertical-align:baseline;}<\/style>\n<p class=\"kt-adv-heading340_a0822e-0b wp-block-kadence-advancedheading has-theme-palette-3-color has-text-color\" data-kb-block=\"kb-adv-heading340_a0822e-0b\">La maison est une ancienne bergerie restaur\u00e9e, en pierre, avec poutres apparentes, mur cr\u00e9pi et sol dall\u00e9. Elle comprend 3 pi\u00e8ces sur une superficie de 60m2 et donne sur un terrain priv\u00e9.<\/p>\n\n\n<style>.wp-block-kadence-advancedbtn.kb-btns340_ffa57a-ad{gap:var(--global-kb-gap-xs, 0.5rem );justify-content:flex-start;align-items:center;}.kt-btns340_ffa57a-ad .kt-button{font-weight:normal;font-style:normal;}@media all and (max-width: 1024px){.wp-block-kadence-advancedbtn.kb-btns340_ffa57a-ad{justify-content:flex-start;}}@media all and (max-width: 767px){.wp-block-kadence-advancedbtn.kb-btns340_ffa57a-ad{justify-content:center;}}<\/style>\n<div class=\"wp-block-kadence-advancedbtn kb-buttons-wrap kb-btns340_ffa57a-ad\"><style>ul.menu .wp-block-kadence-advancedbtn .kb-btn340_0002f4-01.kb-button{width:initial;}<\/style><a class=\"kb-button kt-button button kb-btn340_0002f4-01 kt-btn-size-standard kt-btn-width-type-auto kb-btn-global-inherit  kt-btn-has-text-true kt-btn-has-svg-false  wp-block-button__link wp-block-kadence-singlebtn\" href=\"https:\/\/maison-gourdonne.com\/index.php\/about\"><span class=\"kt-btn-inner-text\">D\u00e9couvrir<\/span><\/a><\/div>\n<\/div><\/div>\n\n<\/div><\/div><\/div><\/div>\n\n\n<style>.kadence-column340_f10505-65 > .kt-inside-inner-col,.kadence-column340_f10505-65 > .kt-inside-inner-col:before{border-top-left-radius:0px;border-top-right-radius:0px;border-bottom-right-radius:0px;border-bottom-left-radius:0px;}.kadence-column340_f10505-65 > .kt-inside-inner-col{column-gap:var(--global-kb-gap-sm, 1rem);}.kadence-column340_f10505-65 > .kt-inside-inner-col{flex-direction:column;}.kadence-column340_f10505-65 > .kt-inside-inner-col > .aligncenter{width:100%;}.kadence-column340_f10505-65 > .kt-inside-inner-col:before{opacity:0.3;}.kadence-column340_f10505-65{position:relative;}@media all and (max-width: 1024px){.kadence-column340_f10505-65 > .kt-inside-inner-col{flex-direction:column;justify-content:center;}}@media all and (max-width: 767px){.kadence-column340_f10505-65 > .kt-inside-inner-col{flex-direction:column;justify-content:center;}}<\/style>\n<div class=\"wp-block-kadence-column kadence-column340_f10505-65\"><div class=\"kt-inside-inner-col\"><style>.kb-image340_58e510-42.kb-image-is-ratio-size, .kb-image340_58e510-42 .kb-image-is-ratio-size{max-width:484px;width:100%;}.wp-block-kadence-column > .kt-inside-inner-col > .kb-image340_58e510-42.kb-image-is-ratio-size, .wp-block-kadence-column > .kt-inside-inner-col > .kb-image340_58e510-42 .kb-image-is-ratio-size{align-self:unset;}.kb-image340_58e510-42{max-width:484px;}.image-is-svg.kb-image340_58e510-42{-webkit-flex:0 1 100%;flex:0 1 100%;}.image-is-svg.kb-image340_58e510-42 img{width:100%;}.kb-image340_58e510-42 .kb-image-has-overlay:after{opacity:0.3;border-bottom-left-radius:80px;}.kb-image340_58e510-42 img.kb-img, .kb-image340_58e510-42 .kb-img img{border-bottom-left-radius:80px;object-position:47% 34%;}<\/style>\n<figure class=\"wp-block-kadence-image kb-image340_58e510-42 size-full\"><img loading=\"lazy\" decoding=\"async\" width=\"1024\" height=\"1024\" src=\"https:\/\/maison-gourdonne.com\/wp-content\/uploads\/2025\/05\/ChatGPT-Image-12-mai-2025-18_12_43.png\" alt=\"\" class=\"kb-img wp-image-911\" srcset=\"https:\/\/maison-gourdonne.com\/wp-content\/uploads\/2025\/05\/ChatGPT-Image-12-mai-2025-18_12_43.png 1024w, https:\/\/maison-gourdonne.com\/wp-content\/uploads\/2025\/05\/ChatGPT-Image-12-mai-2025-18_12_43-300x300.png 300w, https:\/\/maison-gourdonne.com\/wp-content\/uploads\/2025\/05\/ChatGPT-Image-12-mai-2025-18_12_43-150x150.png 150w, https:\/\/maison-gourdonne.com\/wp-content\/uploads\/2025\/05\/ChatGPT-Image-12-mai-2025-18_12_43-768x768.png 768w\" sizes=\"auto, (max-width: 1024px) 100vw, 1024px\" \/><\/figure>\n<\/div><\/div>\n\n<\/div><\/div><\/div><\/div>\n\n<\/div><\/div>","protected":false},"excerpt":{"rendered":"<p>Bienvenue \u00e0 Gourdonne, le cabanon proven\u00e7al. Si vous cherchez \u00e0 vous ressourcer dans un endroit tr\u00e8s calme au milieu de la nature, vous \u00eates au bon endroit. Hors du temps La maison est une ancienne bergerie restaur\u00e9e, en pierre, avec poutres apparentes, mur cr\u00e9pi et sol dall\u00e9. Elle comprend 3 pi\u00e8ces sur une superficie de&#8230;<\/p>\n","protected":false},"author":1,"featured_media":680,"parent":0,"menu_order":0,"comment_status":"closed","ping_status":"closed","template":"","meta":{"_kadence_starter_templates_imported_post":true,"_kad_post_transparent":"","_kad_post_title":"hide","_kad_post_layout":"fullwidth","_kad_post_sidebar_id":"","_kad_post_content_style":"unboxed","_kad_post_vertical_padding":"hide","_kad_post_feature":"hide","_kad_post_feature_position":"","_kad_post_header":false,"_kad_post_footer":false,"_kad_post_classname":"","footnotes":""},"class_list":["post-340","page","type-page","status-publish","has-post-thumbnail","hentry"],"aioseo_notices":[],"_links":{"self":[{"href":"https:\/\/maison-gourdonne.com\/index.php\/wp-json\/wp\/v2\/pages\/340","targetHints":{"allow":["GET"]}}],"collection":[{"href":"https:\/\/maison-gourdonne.com\/index.php\/wp-json\/wp\/v2\/pages"}],"about":[{"href":"https:\/\/maison-gourdonne.com\/index.php\/wp-json\/wp\/v2\/types\/page"}],"author":[{"embeddable":true,"href":"https:\/\/maison-gourdonne.com\/index.php\/wp-json\/wp\/v2\/users\/1"}],"replies":[{"embeddable":true,"href":"https:\/\/maison-gourdonne.com\/index.php\/wp-json\/wp\/v2\/comments?post=340"}],"version-history":[{"count":12,"href":"https:\/\/maison-gourdonne.com\/index.php\/wp-json\/wp\/v2\/pages\/340\/revisions"}],"predecessor-version":[{"id":913,"href":"https:\/\/maison-gourdonne.com\/index.php\/wp-json\/wp\/v2\/pages\/340\/revisions\/913"}],"wp:featuredmedia":[{"embeddable":true,"href":"https:\/\/maison-gourdonne.com\/index.php\/wp-json\/wp\/v2\/media\/680"}],"wp:attachment":[{"href":"https:\/\/maison-gourdonne.com\/index.php\/wp-json\/wp\/v2\/media?parent=340"}],"curies":[{"name":"wp","href":"https:\/\/api.w.org\/{rel}","templated":true}]}}